{"id":3,"date":"2022-06-10T14:52:03","date_gmt":"2022-06-10T14:52:03","guid":{"rendered":"http:\/\/asfalts.terrassawebs.com\/?page_id=3"},"modified":"2022-11-15T18:19:09","modified_gmt":"2022-11-15T18:19:09","slug":"politica-de-privacitat","status":"publish","type":"page","link":"https:\/\/asfaltsanoia.com\/?page_id=3","title":{"rendered":"Pol\u00edtica de Privacitat"},"content":{"rendered":"\t\t<div data-elementor-type=\"wp-page\" data-elementor-id=\"3\" class=\"elementor elementor-3\">\n\t\t\t\t\t\t<section class=\"elementor-section elementor-top-section elementor-element elementor-element-209ffe69 elementor-section-boxed elementor-section-height-default elementor-section-height-default\" data-id=\"209ffe69\" data-element_type=\"section\" data-e-type=\"section\">\n\t\t\t\t\t\t<div class=\"elementor-container elementor-column-gap-default\">\n\t\t\t\t\t<div class=\"elementor-column elementor-col-100 elementor-top-column elementor-element elementor-element-6712d5c2\" data-id=\"6712d5c2\" data-element_type=\"column\" data-e-type=\"column\">\n\t\t\t<div class=\"elementor-widget-wrap elementor-element-populated\">\n\t\t\t\t\t\t<div class=\"elementor-element elementor-element-8951382 elementor-widget elementor-widget-spacer\" data-id=\"8951382\" data-element_type=\"widget\" data-e-type=\"widget\" data-widget_type=\"spacer.default\">\n\t\t\t\t<div class=\"elementor-widget-container\">\n\t\t\t\t\t\t\t<div class=\"elementor-spacer\">\n\t\t\t<div class=\"elementor-spacer-inner\"><\/div>\n\t\t<\/div>\n\t\t\t\t\t\t<\/div>\n\t\t\t\t<\/div>\n\t\t\t\t<div class=\"elementor-element elementor-element-79cecd9 elementor-widget elementor-widget-heading\" data-id=\"79cecd9\" data-element_type=\"widget\" data-e-type=\"widget\" data-widget_type=\"heading.default\">\n\t\t\t\t<div class=\"elementor-widget-container\">\n\t\t\t\t\t<h1 class=\"elementor-heading-title elementor-size-default\">Pol\u00edtica de privacitat<\/h1>\t\t\t\t<\/div>\n\t\t\t\t<\/div>\n\t\t\t\t<div class=\"elementor-element elementor-element-2f2238a elementor-widget elementor-widget-spacer\" data-id=\"2f2238a\" data-element_type=\"widget\" data-e-type=\"widget\" data-widget_type=\"spacer.default\">\n\t\t\t\t<div class=\"elementor-widget-container\">\n\t\t\t\t\t\t\t<div class=\"elementor-spacer\">\n\t\t\t<div class=\"elementor-spacer-inner\"><\/div>\n\t\t<\/div>\n\t\t\t\t\t\t<\/div>\n\t\t\t\t<\/div>\n\t\t\t\t<div class=\"elementor-element elementor-element-301c56aa elementor-widget elementor-widget-text-editor\" data-id=\"301c56aa\" data-element_type=\"widget\" data-e-type=\"widget\" data-widget_type=\"text-editor.default\">\n\t\t\t\t<div class=\"elementor-widget-container\">\n\t\t\t\t\t\t\t\t\t<h2><strong>Dades relatives al Responsable<\/strong><\/h2><p>Responsable Tractament<\/p><ul><li>Entitat: ASFALTS DE L\u2019ANOIA, S.L.<\/li><li>CIF de lentitat: B63343206<\/li><li>Direccion de l\u2019entitat: C\/ Escoles, 23 Urb. CAN CREIXELL, 08784 PIERA<\/li><li>Email de l\u2019entitat: asfaltsdelanoiasl5@gmail.com<\/li><li>Responsable del tractament: Jordi Domenech Vi\u00f1als<\/li><li>Tel\u00e8fon del Responsable del tractament: 661658012<\/li><li>Adre\u00e7a email del Responsable del tractament: asfaltsdelanoiasl5@gmail.com<\/li><\/ul><h2><strong>Finalitats<\/strong><\/h2><p>En compliment del que disposa el Reglament Europeu 2016\/679 General de Protecci\u00f3 de Dades i la Llei Org\u00e0nica 3\/2018 de Protecci\u00f3 de Dades Personals i Garantia de Drets Digitals, us informem que, depenent de la relaci\u00f3 que tingueu amb nosaltres, a ASFALTS DE L\u2019ANOIA, SL tractem les dades que ens facilita per a alguna, o totes, les finalitats seg\u00fcents:<\/p><ul><li>Arxiu\/historial de treballadors i extreballadors de l\u2019empresa<\/li><li>Compra\/venda de b\u00e9ns i serveis.<\/li><li>Compra\/venda de material<\/li><li>Coordinaci\u00f3 d\u2019activitats empresarials<\/li><li>Creaci\u00f3 de contractes, confecci\u00f3 de n\u00f2mines i altres tasques relacionades<\/li><li>Formaci\u00f3<\/li><li>Gesti\u00f3 comptable, administrativa, de facturaci\u00f3 i gesti\u00f3 de cobraments.<\/li><li>Gesti\u00f3 comptable, administrativa, de facturaci\u00f3, de cobraments i pagaments<\/li><li>Manteniment de la relaci\u00f3 laboral i contra-prestaci\u00f3 pels treballs realitzats<\/li><li>Donar-los un servei<\/li><li>Realitzar un proc\u00e9s de selecci\u00f3 de personal en funci\u00f3 de les capacitats, aptituds i altres dades d\u2019inter\u00e8s incloses al curr\u00edculum<\/li><li>Recepci\u00f3 de la prestaci\u00f3 d\u2019un servei<\/li><li>Tramitaci\u00f3 d\u2019altes i baixes per malaltia comuna o accident laboral<\/li><li>Tramitaci\u00f3 de pressupostos<\/li><\/ul><h2><strong>Termini de conservaci\u00f3 de les dades<\/strong><\/h2><p>Les vostres dades seran conservades en un temps indefinit, comercial o d\u2019un altre tipus amb la nostra entitat, sol\u00b7liciteu la seva supressi\u00f3, aix\u00ed mateix les dades seran emmagatzemades el temps necessari per complir les obligacions legals.<\/p><h2><strong>Legitimaci\u00f3n<\/strong><\/h2><p>La base legal para el tratamiento de tus datos radica por:<\/p><ul><li>Consentimiento inequ\u00edvoco<\/li><li>Ejecuci\u00f3n de un contrato<\/li><li>Ejecuci\u00f3n de un contrato<\/li><li>Consentimiento inequ\u00edvoco<\/li><\/ul><h2><strong>Destinataris<\/strong><\/h2><p>Les vostres dades personals seran comunicades a tercers en els sup\u00f2sits seg\u00fcents:<\/p><ul><li>A altres responsables del tractament<\/li><li>Administraci\u00f3 tribut\u00e0ria<\/li><li>Bancs i entitats financeres<\/li><li>Bufet d\u2019advocats<\/li><li>Entitats de Consultoria\/Auditoria<\/li><li>Gestoria\/Assessoria<\/li><li>No comparteixo les dades amb tercers.<\/li><li>Seguretat social<\/li><li>Servei de Prevenci\u00f3 de Riscos Laborals<\/li><\/ul><h2><strong>Drets<\/strong><\/h2><p>T\u00e9 dret a obtenir confirmaci\u00f3 sobre si en ASFALTS DE L\u2019ANOIA, S.L. estem tractant dades personals que el concerneixin, o no.<\/p><p>Aix\u00ed mateix, t\u00e9 dret d&#8217;acc\u00e9s a les seves dades personals, aix\u00ed com a sol\u00b7licitar la\u00a0rectificaci\u00f3\u00a0de les dades inexactes o, en el seu cas, sol\u00b7licitar la seva\u00a0supressi\u00f3 quan, entre altres motius, les dades ja no siguin necessaris per als fins que van ser recollits.<\/p><p>En determinades circumst\u00e0ncies, podr\u00e0 sol\u00b7licitar la\u00a0limitaci\u00f3 del tractament de les seves dades, i en aquest cas \u00fanicament els conservarem per a l&#8217;exercici o la defensa de reclamacions.<\/p><p>Addicionalment, en determinades circumst\u00e0ncies i per motius relacionats amb la teva situaci\u00f3 particular, podr\u00e0 exercir el dret d&#8217;oposici\u00f3\u00a0\u00a0al tractament de les seves dades. ASFALTS DE L\u2019ANOIA, S.L. deixar\u00e0 de tractar les dades, excepte per motius leg\u00edtims imperiosos, o l&#8217;exercici o la defensa de possibles reclamacions.<\/p><p>Aix\u00ed mateix, pot exercir el dret a la\u00a0portabilitat de les dades, aix\u00ed com retirar els consentiments facilitats en qualsevol moment, sense que aix\u00f2 afecti la licitud del tractament basat en el consentiment previ a la seva retirada.<\/p><p>Si desitja fer \u00fas de qualsevol dels teus drets pot realitzar-los a trav\u00e9s dels enlla\u00e7os habilitats que trobar\u00e0 a continuaci\u00f3:<\/p><p>\u00a0<\/p><ul><li><div class=\"traductor-textarea form-group\"><div class=\"textarea-desti col-xs-12 col-sm-6\"><div class=\"col-sm-offset-2 col-sm-5\">Per a exercir el seu dret d&#8217;Acc\u00e9s faci clic <a href=\"https:\/\/intranet.laboralrgpd.com\/webApp\/clientes_derechos\/derechos-formulario.php?id_cliente=RjBQU2U2OWlTc3JzdzYyNDFXRTFzQT09\" target=\"_blank\" rel=\"noopener noreferrer nofollow\">aqu\u00ed<\/a><\/div><\/div><\/div><\/li><li>Per a exercir el seu dret de\u00a0Rectificaci\u00f3\u00a0faci clic <a href=\"https:\/\/intranet.laboralrgpd.com\/webApp\/clientes_derechos\/derechos-formulario.php?id_cliente=RjBQU2U2OWlTc3JzdzYyNDFXRTFzQT09\" target=\"_blank\" rel=\"noopener noreferrer nofollow\">aqu\u00ed<\/a><\/li><li>Per a exercir el seu dret de\u00a0Supressi\u00f3 (Oblit)\u00a0faci clic <a href=\"https:\/\/intranet.laboralrgpd.com\/webApp\/clientes_derechos\/derechos-formulario.php?id_cliente=RjBQU2U2OWlTc3JzdzYyNDFXRTFzQT09\" target=\"_blank\" rel=\"noopener noreferrer nofollow\">aqu\u00ed<\/a><\/li><li>Per a exercir el seu dret de\u00a0Limitaci\u00f3 del Tractament\u00a0faci clic <a href=\"https:\/\/intranet.laboralrgpd.com\/webApp\/clientes_derechos\/derechos-formulario.php?id_cliente=RjBQU2U2OWlTc3JzdzYyNDFXRTFzQT09\" target=\"_blank\" rel=\"noopener noreferrer nofollow\">aqu\u00ed<\/a><\/li><li>Per a exercir el seu dret d&#8217;Oposici\u00f3\u00a0\u00a0faci clic <a href=\"https:\/\/intranet.laboralrgpd.com\/webApp\/clientes_derechos\/derechos-formulario.php?id_cliente=RjBQU2U2OWlTc3JzdzYyNDFXRTFzQT09\" target=\"_blank\" rel=\"noopener noreferrer nofollow\">aqu\u00ed<\/a><\/li><li>Per a exercir el seu dret de\u00a0Portabilitat\u00a0faci clic <a href=\"https:\/\/intranet.laboralrgpd.com\/webApp\/clientes_derechos\/derechos-formulario.php?id_cliente=RjBQU2U2OWlTc3JzdzYyNDFXRTFzQT09\" target=\"_blank\" rel=\"noopener noreferrer nofollow\">aqu\u00ed<\/a><\/li><li style=\"list-style-type: none;\"><ul><li style=\"list-style-type: none;\">\u00a0<\/li><\/ul><\/li><\/ul><p>Alternativament, tamb\u00e9 pot dirigir-se a nosaltres mitjan\u00e7ant correu postal a la seg\u00fcent adre\u00e7a: C\/ ESCOLES, 23 URB. CA CREIXELL \u2013 (08784) PIERA adjuntat una fotoc\u00f2pia del DNI, per a la certesa de la seva identitat. Recordi facilitar la major informaci\u00f3 possible sobre la seva sol\u00b7licitud: Nom i cognoms, adre\u00e7a de correu electr\u00f2nic que utilitza per al compte o portal objecte de la teva sol\u00b7licitud.<\/p><p>Finalment, l&#8217;informem que pot dirigir-se davant l&#8217;Ag\u00e8ncia Espanyola de Protecci\u00f3 de Dades i altres organismes p\u00fablics competents per a qualsevol reclamaci\u00f3 derivada del tractament de les teves dades personals.<\/p><p>\u00a0<\/p><h2><strong>Pol\u00edtica de cookies<\/strong><\/h2><p>Per a con\u00e8ixer les cookies que utilitzem en la nostra p\u00e0gina, recordi que pot accedir a la nostra Pol\u00edtica de Cookies a trav\u00e9s del seg\u00fcent enlla\u00e7 <a href=\"https:\/\/asfaltsanoia.com\/politica-de-cookies\">pol\u00edtica de cookies<\/a>.<\/p>\t\t\t\t\t\t\t\t<\/div>\n\t\t\t\t<\/div>\n\t\t\t\t\t<\/div>\n\t\t<\/div>\n\t\t\t\t\t<\/div>\n\t\t<\/section>\n\t\t\t\t<\/div>\n\t\t","protected":false},"excerpt":{"rendered":"<p>Pol\u00edtica de privacitat Dades relatives al Responsable Responsable Tractament Entitat: ASFALTS DE L\u2019ANOIA, S.L. CIF de lentitat: B63343206 Direccion de l\u2019entitat: C\/ Escoles, 23 Urb. CAN CREIXELL, 08784 PIERA Email de l\u2019entitat: asfaltsdelanoiasl5@gmail.com Responsable del tractament: Jordi Domenech Vi\u00f1als Tel\u00e8fon del Responsable del tractament: 661658012 Adre\u00e7a email del Responsable del tractament: asfaltsdelanoiasl5@gmail.com Finalitats En compliment [&hellip;]<\/p>\n","protected":false},"author":1,"featured_media":0,"parent":0,"menu_order":0,"comment_status":"closed","ping_status":"open","template":"elementor_header_footer","meta":{"site-sidebar-layout":"default","site-content-layout":"plain-container","ast-site-content-layout":"","site-content-style":"default","site-sidebar-style":"default","ast-global-header-display":"","ast-banner-title-visibility":"","ast-main-header-display":"","ast-hfb-above-header-display":"","ast-hfb-below-header-display":"","ast-hfb-mobile-header-display":"","site-post-title":"","ast-breadcrumbs-content":"","ast-featured-img":"","footer-sml-layout":"","theme-transparent-header-meta":"","adv-header-id-meta":"","stick-header-meta":"","header-above-stick-meta":"","header-main-stick-meta":"","header-below-stick-meta":"","astra-migrate-meta-layouts":"default","ast-page-background-enabled":"default","ast-page-background-meta":{"desktop":{"background-color":"","background-image":"","background-repeat":"repeat","background-position":"center center","background-size":"auto","background-attachment":"scroll","background-type":"","background-media":"","overlay-type":"","overlay-color":"","overlay-opacity":"","overlay-gradient":""},"tablet":{"background-color":"","background-image":"","background-repeat":"repeat","background-position":"center center","background-size":"auto","background-attachment":"scroll","background-type":"","background-media":"","overlay-type":"","overlay-color":"","overlay-opacity":"","overlay-gradient":""},"mobile":{"background-color":"","background-image":"","background-repeat":"repeat","background-position":"center center","background-size":"auto","background-attachment":"scroll","background-type":"","background-media":"","overlay-type":"","overlay-color":"","overlay-opacity":"","overlay-gradient":""}},"ast-content-background-meta":{"desktop":{"background-color":"var(--ast-global-color-5)","background-image":"","background-repeat":"repeat","background-position":"center center","background-size":"auto","background-attachment":"scroll","background-type":"","background-media":"","overlay-type":"","overlay-color":"","overlay-opacity":"","overlay-gradient":""},"tablet":{"background-color":"var(--ast-global-color-5)","background-image":"","background-repeat":"repeat","background-position":"center center","background-size":"auto","background-attachment":"scroll","background-type":"","background-media":"","overlay-type":"","overlay-color":"","overlay-opacity":"","overlay-gradient":""},"mobile":{"background-color":"var(--ast-global-color-5)","background-image":"","background-repeat":"repeat","background-position":"center center","background-size":"auto","background-attachment":"scroll","background-type":"","background-media":"","overlay-type":"","overlay-color":"","overlay-opacity":"","overlay-gradient":""}},"_joinchat":[],"footnotes":""},"class_list":["post-3","page","type-page","status-publish","hentry"],"_links":{"self":[{"href":"https:\/\/asfaltsanoia.com\/index.php?rest_route=\/wp\/v2\/pages\/3","targetHints":{"allow":["GET"]}}],"collection":[{"href":"https:\/\/asfaltsanoia.com\/index.php?rest_route=\/wp\/v2\/pages"}],"about":[{"href":"https:\/\/asfaltsanoia.com\/index.php?rest_route=\/wp\/v2\/types\/page"}],"author":[{"embeddable":true,"href":"https:\/\/asfaltsanoia.com\/index.php?rest_route=\/wp\/v2\/users\/1"}],"replies":[{"embeddable":true,"href":"https:\/\/asfaltsanoia.com\/index.php?rest_route=%2Fwp%2Fv2%2Fcomments&post=3"}],"version-history":[{"count":19,"href":"https:\/\/asfaltsanoia.com\/index.php?rest_route=\/wp\/v2\/pages\/3\/revisions"}],"predecessor-version":[{"id":967,"href":"https:\/\/asfaltsanoia.com\/index.php?rest_route=\/wp\/v2\/pages\/3\/revisions\/967"}],"wp:attachment":[{"href":"https:\/\/asfaltsanoia.com\/index.php?rest_route=%2Fwp%2Fv2%2Fmedia&parent=3"}],"curies":[{"name":"wp","href":"https:\/\/api.w.org\/{rel}","templated":true}]}}