{"id":962,"date":"2022-11-15T18:13:55","date_gmt":"2022-11-15T18:13:55","guid":{"rendered":"https:\/\/asfaltsanoia.com\/?page_id=962"},"modified":"2022-11-15T18:28:39","modified_gmt":"2022-11-15T18:28:39","slug":"avis-legal","status":"publish","type":"page","link":"https:\/\/asfaltsanoia.com\/?page_id=962","title":{"rendered":"Av\u00eds Legal"},"content":{"rendered":"\t\t<div data-elementor-type=\"wp-page\" data-elementor-id=\"962\" class=\"elementor elementor-962\">\n\t\t\t\t\t\t<section class=\"elementor-section elementor-top-section elementor-element elementor-element-209ffe69 elementor-section-boxed elementor-section-height-default elementor-section-height-default\" data-id=\"209ffe69\" data-element_type=\"section\" data-e-type=\"section\">\n\t\t\t\t\t\t<div class=\"elementor-container elementor-column-gap-default\">\n\t\t\t\t\t<div class=\"elementor-column elementor-col-100 elementor-top-column elementor-element elementor-element-6712d5c2\" data-id=\"6712d5c2\" data-element_type=\"column\" data-e-type=\"column\">\n\t\t\t<div class=\"elementor-widget-wrap elementor-element-populated\">\n\t\t\t\t\t\t<div class=\"elementor-element elementor-element-8951382 elementor-widget elementor-widget-spacer\" data-id=\"8951382\" data-element_type=\"widget\" data-e-type=\"widget\" data-widget_type=\"spacer.default\">\n\t\t\t\t<div class=\"elementor-widget-container\">\n\t\t\t\t\t\t\t<div class=\"elementor-spacer\">\n\t\t\t<div class=\"elementor-spacer-inner\"><\/div>\n\t\t<\/div>\n\t\t\t\t\t\t<\/div>\n\t\t\t\t<\/div>\n\t\t\t\t<div class=\"elementor-element elementor-element-79cecd9 elementor-widget elementor-widget-heading\" data-id=\"79cecd9\" data-element_type=\"widget\" data-e-type=\"widget\" data-widget_type=\"heading.default\">\n\t\t\t\t<div class=\"elementor-widget-container\">\n\t\t\t\t\t<h1 class=\"elementor-heading-title elementor-size-default\">Av\u00eds Legal<\/h1>\t\t\t\t<\/div>\n\t\t\t\t<\/div>\n\t\t\t\t<div class=\"elementor-element elementor-element-2f2238a elementor-widget elementor-widget-spacer\" data-id=\"2f2238a\" data-element_type=\"widget\" data-e-type=\"widget\" data-widget_type=\"spacer.default\">\n\t\t\t\t<div class=\"elementor-widget-container\">\n\t\t\t\t\t\t\t<div class=\"elementor-spacer\">\n\t\t\t<div class=\"elementor-spacer-inner\"><\/div>\n\t\t<\/div>\n\t\t\t\t\t\t<\/div>\n\t\t\t\t<\/div>\n\t\t\t\t<div class=\"elementor-element elementor-element-301c56aa elementor-widget elementor-widget-text-editor\" data-id=\"301c56aa\" data-element_type=\"widget\" data-e-type=\"widget\" data-widget_type=\"text-editor.default\">\n\t\t\t\t<div class=\"elementor-widget-container\">\n\t\t\t\t\t\t\t\t\t<h2>Objecte i acceptaci\u00f3<\/h2><p>El present av\u00eds legal regula l&#8217;\u00fas del nostre lloc web, del qual \u00e9s titular ASFALTS DE L&#8217;ANOIA, S.L. . La navegaci\u00f3 pel lloc web de ASFALTS DE L&#8217;ANOIA, S.L. atribueix la condici\u00f3 d&#8217;usuari del mateix i implica l&#8217;acceptaci\u00f3 plena i sense reserves de totes i cadascuna de les disposicions incloses en aquest Av\u00eds Legal, que poden sofrir modificacions. Vost\u00e8 s&#8217;obliga a fer un \u00fas correcte del lloc web de conformitat amb les lleis, la bona fe, l&#8217;ordre p\u00fablic, els usos del tr\u00e0nsit i el present Av\u00eds Legal. El vost\u00e8 respondr\u00e0 enfront de ASFALTS DE L&#8217;ANOIA, S.L. o enfront de tercers, de qualssevol danys i perjudicis que poguessin causar-li a conseq\u00fc\u00e8ncia de l&#8217;incompliment d&#8217;aquesta obligaci\u00f3.<\/p>\t\t\t\t\t\t\t\t<\/div>\n\t\t\t\t<\/div>\n\t\t\t\t<div class=\"elementor-element elementor-element-a2b6190 elementor-widget elementor-widget-text-editor\" data-id=\"a2b6190\" data-element_type=\"widget\" data-e-type=\"widget\" data-widget_type=\"text-editor.default\">\n\t\t\t\t<div class=\"elementor-widget-container\">\n\t\t\t\t\t\t\t\t\t<h2>Identificaci\u00f3 i comunicacions<\/h2><p>ASFALTS DE L&#8217;ANOIA, S.L., en compliment de la Llei 34\/2002, d&#8217;11 de juliol, de serveis de la societat de la informaci\u00f3 i de comer\u00e7 electr\u00f2nic, l&#8217;informa que:<\/p><ul><li>La seva denominaci\u00f3 social \u00e9s: ASFALTS DE L&#8217;ANOIA, S.L.<\/li><li>El seu CIF \u00e9s: B63343206<\/li><li>El seu domicili social est\u00e0 en: C\/ ESCOLES, 23 URB. CA CREIXELL &#8211; (08784) PIERA<\/li><li>Inscripci\u00f3 al registre mercantil : Per a comunicar-se amb nosaltres, posem a la seva disposici\u00f3 diferents mitjans de contacte especificats en la pol\u00edtica de privacitat.<\/li><\/ul><p>Totes les notificacions i comunicacions que realitzi amb ASFALTS DE L&#8217;ANOIA, S.L. es consideraran efica\u00e7os, amb car\u00e0cter general, sempre que es realitzin pels mitjans especificats anteriorment<\/p>\t\t\t\t\t\t\t\t<\/div>\n\t\t\t\t<\/div>\n\t\t\t\t<div class=\"elementor-element elementor-element-546b7e6 elementor-widget elementor-widget-text-editor\" data-id=\"546b7e6\" data-element_type=\"widget\" data-e-type=\"widget\" data-widget_type=\"text-editor.default\">\n\t\t\t\t<div class=\"elementor-widget-container\">\n\t\t\t\t\t\t\t\t\t<h2>Condicions d&#8217;acc\u00e9s i utilitzaci\u00f3<\/h2>\n<p>El lloc web i els seus serveis s\u00f3n d&#8217;acc\u00e9s lliure, no obstant aix\u00f2, ASFALTS DE L&#8217;ANOIA, S.L. condiciona la utilitzaci\u00f3 d&#8217;alguns dels serveis oferts en el seu web al previ emplenament del corresponent formulari.<\/p>\n<p>Vost\u00e8 garanteix l&#8217;autenticitat i actualitat de totes aquelles dades que comuniqui a ASFALTS DE L&#8217;ANOIA, S.L. i ser\u00e0 l&#8217;\u00fanic responsable de les manifestacions falses o inexactes que realitzi.<\/p>\n<p>Vost\u00e8 es compromet expressament a fer un \u00fas adequat dels continguts i serveis del ASFALTS DE L&#8217;ANOIA, S.L. i a no emprar-los per a, entre altres:<\/p>\n<ul>\n<li>Difondre continguts, delictius, violents, pornogr\u00e0fics, racistes, xen\u00f2fob, ofensius, d&#8217;apologia del terrorisme o, en general, contraris a la llei o a l&#8217;ordre p\u00fablic.<\/li>\n<li>Introduir en la xarxa virus inform\u00e0tics o realitzar actuacions susceptibles d&#8217;alterar, espatllar, interrompre o generar errors o danys en els documents electr\u00f2nics, dades o sistemes f\u00edsics i l\u00f2gics de ASFALTS DE L&#8217;ANOIA, S.L. o de terceres persones; aix\u00ed com obstaculitzar l&#8217;acc\u00e9s d&#8217;altres usuaris al lloc web i als seus serveis mitjan\u00e7ant el consum massiu dels recursos inform\u00e0tics a trav\u00e9s dels quals ASFALTS DE L&#8217;ANOIA, S.L. presta els seus serveis.<\/li>\n<li>Intentar accedir dades d&#8217;altres persones o a \u00e0rees restringides dels sistemes inform\u00e0tics de ASFALTS DE L&#8217;ANOIA, S.L. o de tercers i, en el seu cas, extreure informaci\u00f3.<\/li>\n<li>Vulnerar els drets de propietat intel\u00b7lectual o industrial, aix\u00ed com violar la confidencialitat de la informaci\u00f3 de ASFALTS DE L&#8217;ANOIA, S.L. o de tercers.<\/li>\n<li>Suplantar la identitat d&#8217;un altre usuari, de les administracions p\u00fabliques o d&#8217;un tercer.<\/li>\n<li>Reproduir, copiar, distribuir, posar a disposici\u00f3 o de qualsevol altra forma comunicar p\u00fablicament, transformar o modificar els continguts, tret que es compti amb l&#8217;autoritzaci\u00f3 del titular dels corresponents drets o aix\u00f2 resulti legalment perm\u00e8s.<\/li>\n<li>Recaptar dades amb finalitat publicit\u00e0ria i de remetre publicitat de qualsevol classe i comunicacions amb finalitats de venda o altres de naturalesa comercial sense que medi\u00ef la seva pr\u00e8via sol\u00b7licitud o consentiment.<\/li>\n<\/ul>\n<p>Tots els continguts del lloc web, com a textos, fotografies, gr\u00e0fics, imatges, icones, tecnologia, programari, aix\u00ed com el seu disseny gr\u00e0fic i codis font, constitueixen una obra la propietat de la qual pertany a ASFALTS DE L&#8217;ANOIA, S.L., sense que puguin entendre&#8217;s com cedits cap dels drets d&#8217;explotaci\u00f3 sobre els mateixos m\u00e9s enll\u00e0 de l&#8217;estrictament necessari per al correcte \u00fas de la web.<\/p>\n<p>En definitiva, vost\u00e8 que accedeix a aquest lloc web, pot visualitzar els continguts i efectuar, en el seu cas, c\u00f2pies privades autoritzades sempre que els elements reprodu\u00efts no siguin cedits posteriorment a tercers, ni s&#8217;instal\u00b7lin a servidors connectats a xarxes, ni siguin objecte de cap mena d&#8217;explotaci\u00f3.<\/p>\n<p>Aix\u00ed mateix, totes les marques, noms comercials o signes distintius de qualsevol classe que apareixen en el lloc web s\u00f3n propietat de ASFALTS DE L&#8217;ANOIA, S.L., sense que pugui entendre&#8217;s que l&#8217;\u00fas o acc\u00e9s al mateix li atribueixi dret algun sobre els mateixos.<\/p>\n<p>La distribuci\u00f3, modificaci\u00f3, cessi\u00f3 o comunicaci\u00f3 p\u00fablica dels continguts i qualsevol altre acte que no hagi estat expressament autoritzat pel titular dels drets d&#8217;explotaci\u00f3 queden prohibits.<\/p>\n<p>L&#8217;establiment d&#8217;un enlla\u00e7 no implica en cap cas l&#8217;exist\u00e8ncia de relacions entre ASFALTS DE L&#8217;ANOIA, S.L. i el propietari del lloc web en la qual s&#8217;estableixi, ni l&#8217;acceptaci\u00f3 i aprovaci\u00f3 per part de ASFALTS DE L&#8217;ANOIA, S.L. dels seus continguts o serveis. Aquelles persones que es proposin establir un enlla\u00e7 pr\u00e8viament hauran de sol\u00b7licitar autoritzaci\u00f3 per escrit a ASFALTS DE L&#8217;ANOIA, S.L.. En tot cas, l&#8217;enlla\u00e7 \u00fanicament permetr\u00e0 l&#8217;acc\u00e9s a la home-page o p\u00e0gina d&#8217;inici del nostre lloc web, aix\u00ed mateix haur\u00e0 d&#8217;abstenir-se de realitzar manifestacions o indicacions falses, inexactes o incorrectes sobre ASFALTS DE L&#8217;ANOIA, S.L., o incloure continguts il\u00b7l\u00edcits, contraris als bons costums i a l&#8217;ordre p\u00fablic.<\/p>\n<p>ASFALTS DE L&#8217;ANOIA, S.L. no es responsabilitza de l&#8217;\u00fas que cada usuari li doni als materials posats a disposici\u00f3 en aquest lloc web ni de les actuacions que realitzi sobre la base d&#8217;aquests.<\/p>\t\t\t\t\t\t\t\t<\/div>\n\t\t\t\t<\/div>\n\t\t\t\t<div class=\"elementor-element elementor-element-faf8874 elementor-widget elementor-widget-text-editor\" data-id=\"faf8874\" data-element_type=\"widget\" data-e-type=\"widget\" data-widget_type=\"text-editor.default\">\n\t\t\t\t<div class=\"elementor-widget-container\">\n\t\t\t\t\t\t\t\t\t<h2>Exclusi\u00f3 de garanties i de responsabilitat<\/h2><p>ASFALTS DE L&#8217;ANOIA, S.L. exclou, fins on permet l&#8217;ordenament jur\u00eddic, qualsevol responsabilitat pels danys i perjudicis de tota naturalesa derivats de:<\/p><ul><li>La impossibilitat d&#8217;acc\u00e9s al lloc web o la falta de veracitat, exactitud, exhaustivitat i\/o actualitat dels continguts, aix\u00ed com l&#8217;exist\u00e8ncia de vicis i defectes de tota classe dels continguts transmesos, difosos, emmagatzemats, posats a disposici\u00f3 als quals s&#8217;hagi accedit a trav\u00e9s del lloc web o dels serveis que s&#8217;ofereixen.<\/li><li>La pres\u00e8ncia de virus o d&#8217;altres elements en els continguts que puguin produir alteracions en els sistemes inform\u00e0tics, documents electr\u00f2nics o dades dels usuaris.<\/li><li>L&#8217;incompliment de les lleis, la bona fe, l&#8217;ordre p\u00fablic, els usos del tr\u00e0nsit i el present av\u00eds legal a conseq\u00fc\u00e8ncia de l&#8217;\u00fas incorrecte del lloc web. En particular, i a manera ejemplificativo, ASFALTS DE L&#8217;ANOIA, S.L. no es fa responsable de les actuacions de tercers que vulnerin drets de propietat intel\u00b7lectual i industrial, secrets empresarials, drets a l&#8217;honor, a la intimitat personal i familiar i a la pr\u00f2pia imatge, aix\u00ed com la normativa en mat\u00e8ria de compet\u00e8ncia deslleial i publicitat il\u00b7l\u00edcita.<\/li><\/ul><p>Aix\u00ed mateix, ASFALTS DE L&#8217;ANOIA, S.L. declina qualsevol responsabilitat respecte a la informaci\u00f3 que es trobi fora d&#8217;aquesta web i no sigui gestionada directament pel nostre webmaster. La funci\u00f3 dels links que apareixen en aquesta web \u00e9s exclusivament la d&#8217;informar l&#8217;usuari sobre l&#8217;exist\u00e8ncia d&#8217;altres fonts susceptibles d&#8217;ampliar els continguts que ofereix aquest lloc web. ASFALTS DE L&#8217;ANOIA, S.L. no garanteix ni es responsabilitza del funcionament o accessibilitat dels llocs enlla\u00e7ats; ni suggereix, convida o recomana la visita a aquests, per la qual cosa tampoc ser\u00e0 responsable del resultat obtingut. ASFALTS DE L&#8217;ANOIA, S.L. no es responsabilitza de l&#8217;establiment d&#8217;enlla\u00e7os per part de tercers.<\/p><p>\u00a0<\/p>\t\t\t\t\t\t\t\t<\/div>\n\t\t\t\t<\/div>\n\t\t\t\t<div class=\"elementor-element elementor-element-3f70a2f elementor-widget elementor-widget-text-editor\" data-id=\"3f70a2f\" data-element_type=\"widget\" data-e-type=\"widget\" data-widget_type=\"text-editor.default\">\n\t\t\t\t<div class=\"elementor-widget-container\">\n\t\t\t\t\t\t\t\t\t<h2>Procediment en cas de realitzaci\u00f3 d&#8217;activitats de car\u00e0cter il\u00b7l\u00edcit<\/h2><p>En el cas que vost\u00e8 o un tercer consideri que existeixen fets o circumst\u00e0ncies que revelin el car\u00e0cter il\u00b7l\u00edcit de la utilitzaci\u00f3 de qualsevol contingut i\/o de la realitzaci\u00f3 de qualsevol activitat en les p\u00e0gines web incloses o accessibles a trav\u00e9s del lloc web, haur\u00e0 de posar-se en contacte amb ASFALTS DE L&#8217;ANOIA, S.L. identificant-se degudament, especificant les suposades infraccions i declarant expressament i sota la seva responsabilitat que la informaci\u00f3 proporcionada en la notificaci\u00f3 \u00e9s exacta.<\/p><p>Per a tota q\u00fcesti\u00f3 litigiosa que incumbeixi el lloc web de ASFALTS DE L&#8217;ANOIA, S.L., ser\u00e0 aplicable la legislaci\u00f3 espanyola, sent competents els Jutjats i Tribunals m\u00e9s pr\u00f2xims a la seu de (Espanya).<\/p>\t\t\t\t\t\t\t\t<\/div>\n\t\t\t\t<\/div>\n\t\t\t\t<div class=\"elementor-element elementor-element-bff35f9 elementor-widget elementor-widget-text-editor\" data-id=\"bff35f9\" data-element_type=\"widget\" data-e-type=\"widget\" data-widget_type=\"text-editor.default\">\n\t\t\t\t<div class=\"elementor-widget-container\">\n\t\t\t\t\t\t\t\t\t<h2>Publicacions<\/h2><p>La informaci\u00f3 administrativa facilitada a trav\u00e9s del lloc web no substitueix la publicitat legal de les lleis, normatives, plans, disposicions generals i actes que hagin de ser publicats formalment als diaris oficials de les administracions p\u00fabliques, que constitueixen l&#8217;\u00fanic instrument que dona fe de la seva autenticitat i contingut. La informaci\u00f3 disponible en aquest lloc web ha d&#8217;entendre&#8217;s com una guia sense prop\u00f2sit de validesa legal.<\/p>\t\t\t\t\t\t\t\t<\/div>\n\t\t\t\t<\/div>\n\t\t\t\t\t<\/div>\n\t\t<\/div>\n\t\t\t\t\t<\/div>\n\t\t<\/section>\n\t\t\t\t<\/div>\n\t\t","protected":false},"excerpt":{"rendered":"<p>Av\u00eds Legal Objecte i acceptaci\u00f3 El present av\u00eds legal regula l&#8217;\u00fas del nostre lloc web, del qual \u00e9s titular ASFALTS DE L&#8217;ANOIA, S.L. . La navegaci\u00f3 pel lloc web de ASFALTS DE L&#8217;ANOIA, S.L. atribueix la condici\u00f3 d&#8217;usuari del mateix i implica l&#8217;acceptaci\u00f3 plena i sense reserves de totes i cadascuna de les disposicions incloses [&hellip;]<\/p>\n","protected":false},"author":1,"featured_media":0,"parent":0,"menu_order":0,"comment_status":"closed","ping_status":"open","template":"elementor_header_footer","meta":{"site-sidebar-layout":"default","site-content-layout":"plain-container","ast-site-content-layout":"","site-content-style":"default","site-sidebar-style":"default","ast-global-header-display":"","ast-banner-title-visibility":"","ast-main-header-display":"","ast-hfb-above-header-display":"","ast-hfb-below-header-display":"","ast-hfb-mobile-header-display":"","site-post-title":"","ast-breadcrumbs-content":"","ast-featured-img":"","footer-sml-layout":"","theme-transparent-header-meta":"","adv-header-id-meta":"","stick-header-meta":"","header-above-stick-meta":"","header-main-stick-meta":"","header-below-stick-meta":"","astra-migrate-meta-layouts":"default","ast-page-background-enabled":"default","ast-page-background-meta":{"desktop":{"background-color":"","background-image":"","background-repeat":"repeat","background-position":"center center","background-size":"auto","background-attachment":"scroll","background-type":"","background-media":"","overlay-type":"","overlay-color":"","overlay-opacity":"","overlay-gradient":""},"tablet":{"background-color":"","background-image":"","background-repeat":"repeat","background-position":"center center","background-size":"auto","background-attachment":"scroll","background-type":"","background-media":"","overlay-type":"","overlay-color":"","overlay-opacity":"","overlay-gradient":""},"mobile":{"background-color":"","background-image":"","background-repeat":"repeat","background-position":"center center","background-size":"auto","background-attachment":"scroll","background-type":"","background-media":"","overlay-type":"","overlay-color":"","overlay-opacity":"","overlay-gradient":""}},"ast-content-background-meta":{"desktop":{"background-color":"var(--ast-global-color-5)","background-image":"","background-repeat":"repeat","background-position":"center center","background-size":"auto","background-attachment":"scroll","background-type":"","background-media":"","overlay-type":"","overlay-color":"","overlay-opacity":"","overlay-gradient":""},"tablet":{"background-color":"var(--ast-global-color-5)","background-image":"","background-repeat":"repeat","background-position":"center center","background-size":"auto","background-attachment":"scroll","background-type":"","background-media":"","overlay-type":"","overlay-color":"","overlay-opacity":"","overlay-gradient":""},"mobile":{"background-color":"var(--ast-global-color-5)","background-image":"","background-repeat":"repeat","background-position":"center center","background-size":"auto","background-attachment":"scroll","background-type":"","background-media":"","overlay-type":"","overlay-color":"","overlay-opacity":"","overlay-gradient":""}},"_joinchat":[],"footnotes":""},"class_list":["post-962","page","type-page","status-publish","hentry"],"_links":{"self":[{"href":"https:\/\/asfaltsanoia.com\/index.php?rest_route=\/wp\/v2\/pages\/962","targetHints":{"allow":["GET"]}}],"collection":[{"href":"https:\/\/asfaltsanoia.com\/index.php?rest_route=\/wp\/v2\/pages"}],"about":[{"href":"https:\/\/asfaltsanoia.com\/index.php?rest_route=\/wp\/v2\/types\/page"}],"author":[{"embeddable":true,"href":"https:\/\/asfaltsanoia.com\/index.php?rest_route=\/wp\/v2\/users\/1"}],"replies":[{"embeddable":true,"href":"https:\/\/asfaltsanoia.com\/index.php?rest_route=%2Fwp%2Fv2%2Fcomments&post=962"}],"version-history":[{"count":10,"href":"https:\/\/asfaltsanoia.com\/index.php?rest_route=\/wp\/v2\/pages\/962\/revisions"}],"predecessor-version":[{"id":977,"href":"https:\/\/asfaltsanoia.com\/index.php?rest_route=\/wp\/v2\/pages\/962\/revisions\/977"}],"wp:attachment":[{"href":"https:\/\/asfaltsanoia.com\/index.php?rest_route=%2Fwp%2Fv2%2Fmedia&parent=962"}],"curies":[{"name":"wp","href":"https:\/\/api.w.org\/{rel}","templated":true}]}}